{"id":897,"date":"2020-10-29T12:55:34","date_gmt":"2020-10-29T10:55:34","guid":{"rendered":"http:\/\/www.blum.rs.ba\/ueber-blum\/"},"modified":"2023-10-27T13:19:47","modified_gmt":"2023-10-27T11:19:47","slug":"ueber-blum","status":"publish","type":"page","link":"https:\/\/www.blum.rs.ba\/de\/ueber-blum\/","title":{"rendered":"\u00dcber Blum"},"content":{"rendered":"\t\t<div data-elementor-type=\"wp-page\" data-elementor-id=\"897\" class=\"elementor elementor-897 elementor-14\">\n\t\t\t\t\t\t\t\t\t<section class=\"elementor-section elementor-top-section elementor-element elementor-element-371e341 elementor-section-height-min-height elementor-section-items-bottom elementor-section-boxed elementor-section-height-default\" data-id=\"371e341\" data-element_type=\"section\">\n\t\t\t\t\t\t\t<div class=\"elementor-background-overlay\"><\/div>\n\t\t\t\t\t\t\t<div class=\"elementor-container elementor-column-gap-no\">\n\t\t\t\t\t<div class=\"elementor-column elementor-col-50 elementor-top-column elementor-element elementor-element-007f03a\" data-id=\"007f03a\" data-element_type=\"column\">\n\t\t\t<div class=\"elementor-widget-wrap elementor-element-populated\">\n\t\t\t\t\t\t\t\t<div class=\"elementor-element elementor-element-4086b8e elementor-widget-divider--view-line elementor-widget elementor-widget-divider\" data-id=\"4086b8e\" data-element_type=\"widget\" data-widget_type=\"divider.default\">\n\t\t\t\t<div class=\"elementor-widget-container\">\n\t\t\t\t\t<div class=\"elementor-divider\">\n\t\t\t<span class=\"elementor-divider-separator\">\n\t\t\t\t\t\t<\/span>\n\t\t<\/div>\n\t\t\t\t<\/div>\n\t\t\t\t<\/div>\n\t\t\t\t\t<\/div>\n\t\t<\/div>\n\t\t\t\t<div class=\"elementor-column elementor-col-50 elementor-top-column elementor-element elementor-element-17048ea\" data-id=\"17048ea\" data-element_type=\"column\">\n\t\t\t<div class=\"elementor-widget-wrap elementor-element-populated\">\n\t\t\t\t\t\t\t\t<div class=\"elementor-element elementor-element-56886c0 elementor-widget elementor-widget-heading\" data-id=\"56886c0\" data-element_type=\"widget\" data-widget_type=\"heading.default\">\n\t\t\t\t<div class=\"elementor-widget-container\">\n\t\t\t<h2 class=\"elementor-heading-title elementor-size-default\">\u00dcber Blum<\/h2>\t\t<\/div>\n\t\t\t\t<\/div>\n\t\t\t\t\t<\/div>\n\t\t<\/div>\n\t\t\t\t\t\t\t<\/div>\n\t\t<\/section>\n\t\t\t\t<section class=\"elementor-section elementor-top-section elementor-element elementor-element-44f99fe elementor-section-boxed elementor-section-height-default elementor-section-height-default\" data-id=\"44f99fe\" data-element_type=\"section\">\n\t\t\t\t\t\t<div class=\"elementor-container elementor-column-gap-no\">\n\t\t\t\t\t<div class=\"elementor-column elementor-col-50 elementor-top-column elementor-element elementor-element-e2a398e\" data-id=\"e2a398e\" data-element_type=\"column\">\n\t\t\t<div class=\"elementor-widget-wrap\">\n\t\t\t\t\t\t\t\t\t<\/div>\n\t\t<\/div>\n\t\t\t\t<div class=\"elementor-column elementor-col-50 elementor-top-column elementor-element elementor-element-4207888\" data-id=\"4207888\" data-element_type=\"column\">\n\t\t\t<div class=\"elementor-widget-wrap elementor-element-populated\">\n\t\t\t\t\t\t\t\t<div class=\"elementor-element elementor-element-b6c128f elementor-widget elementor-widget-heading\" data-id=\"b6c128f\" data-element_type=\"widget\" data-widget_type=\"heading.default\">\n\t\t\t\t<div class=\"elementor-widget-container\">\n\t\t\t<h2 class=\"elementor-heading-title elementor-size-default\">Wer sind wir<\/h2>\t\t<\/div>\n\t\t\t\t<\/div>\n\t\t\t\t\t<\/div>\n\t\t<\/div>\n\t\t\t\t\t\t\t<\/div>\n\t\t<\/section>\n\t\t\t\t<section class=\"elementor-section elementor-top-section elementor-element elementor-element-58a2c21 elementor-section-boxed elementor-section-height-default elementor-section-height-default\" data-id=\"58a2c21\" data-element_type=\"section\">\n\t\t\t\t\t\t<div class=\"elementor-container elementor-column-gap-no\">\n\t\t\t\t\t<div class=\"elementor-column elementor-col-100 elementor-top-column elementor-element elementor-element-72c3c00\" data-id=\"72c3c00\" data-element_type=\"column\">\n\t\t\t<div class=\"elementor-widget-wrap elementor-element-populated\">\n\t\t\t\t\t\t\t\t<section class=\"elementor-section elementor-inner-section elementor-element elementor-element-ae44670 elementor-section-boxed elementor-section-height-default elementor-section-height-default\" data-id=\"ae44670\" data-element_type=\"section\">\n\t\t\t\t\t\t<div class=\"elementor-container elementor-column-gap-no\">\n\t\t\t\t\t<div class=\"elementor-column elementor-col-100 elementor-inner-column elementor-element elementor-element-51c7cd1\" data-id=\"51c7cd1\" data-element_type=\"column\">\n\t\t\t<div class=\"elementor-widget-wrap elementor-element-populated\">\n\t\t\t\t\t\t\t\t<div class=\"elementor-element elementor-element-049669f elementor-widget elementor-widget-heading\" data-id=\"049669f\" data-element_type=\"widget\" data-widget_type=\"heading.default\">\n\t\t\t\t<div class=\"elementor-widget-container\">\n\t\t\t<h3 class=\"elementor-heading-title elementor-size-default\">Blum d.o.o. ist ein 2020. gegr\u00fcndetes Unternehmen mit Sitz in Banja Luka.<\/h3>\t\t<\/div>\n\t\t\t\t<\/div>\n\t\t\t\t\t<\/div>\n\t\t<\/div>\n\t\t\t\t\t\t\t<\/div>\n\t\t<\/section>\n\t\t\t\t<section class=\"elementor-section elementor-inner-section elementor-element elementor-element-63c3aa6 elementor-section-boxed elementor-section-height-default elementor-section-height-default\" data-id=\"63c3aa6\" data-element_type=\"section\">\n\t\t\t\t\t\t<div class=\"elementor-container elementor-column-gap-no\">\n\t\t\t\t\t<div class=\"elementor-column elementor-col-50 elementor-inner-column elementor-element elementor-element-f976173\" data-id=\"f976173\" data-element_type=\"column\">\n\t\t\t<div class=\"elementor-widget-wrap elementor-element-populated\">\n\t\t\t\t\t\t\t\t<div class=\"elementor-element elementor-element-d5c77c9 elementor-widget elementor-widget-heading\" data-id=\"d5c77c9\" data-element_type=\"widget\" data-widget_type=\"heading.default\">\n\t\t\t\t<div class=\"elementor-widget-container\">\n\t\t\t<h5 class=\"elementor-heading-title elementor-size-default\">Die Hauptt\u00e4tigkeit des Unternehmens ist die Planung, Ausf\u00fchrung und \u00dcberwachung der Ausf\u00fchrung von Elektroarbeiten aller Art.<\/h5>\t\t<\/div>\n\t\t\t\t<\/div>\n\t\t\t\t\t<\/div>\n\t\t<\/div>\n\t\t\t\t<div class=\"elementor-column elementor-col-50 elementor-inner-column elementor-element elementor-element-30658a3\" data-id=\"30658a3\" data-element_type=\"column\">\n\t\t\t<div class=\"elementor-widget-wrap elementor-element-populated\">\n\t\t\t\t\t\t\t\t<div class=\"elementor-element elementor-element-973550e elementor-widget elementor-widget-text-editor\" data-id=\"973550e\" data-element_type=\"widget\" data-widget_type=\"text-editor.default\">\n\t\t\t\t<div class=\"elementor-widget-container\">\n\t\t\t\t\t\t\t<p>BLUM verf\u00fcgt \u00fcber erfahrene, junge und flei\u00dfige Fachleute in seiner Struktur, die die gr\u00f6\u00dfte St\u00e4rke und treibende Kraft des Unternehmens sind und die Wettbewerbsf\u00e4higkeit auf dem Markt erm\u00f6glichen.<br \/>Unser globales Gesch\u00e4ftsziel ist es, eine Organisation zu schaffen, die auf einer Kombination aus Flexibilit\u00e4t, Fachwissen und Erfahrung basiert und in der Lage ist, auf jede Herausforderung professionell zu reagieren, Komplettl\u00f6sungen anzubieten und umzusetzen.<br \/>Die F\u00f6rderung neuer Technologien, der Energieeffizienz und der erneuerbaren Energiequellen ist etwas, das wir seit der Gr\u00fcndung des Unternehmens betonen, und das wir unseren Kunden anbieten und pr\u00e4sentieren wollen.<\/p>\n\t\t\t\t\t\t<\/div>\n\t\t\t\t<\/div>\n\t\t\t\t\t<\/div>\n\t\t<\/div>\n\t\t\t\t\t\t\t<\/div>\n\t\t<\/section>\n\t\t\t\t\t<\/div>\n\t\t<\/div>\n\t\t\t\t\t\t\t<\/div>\n\t\t<\/section>\n\t\t\t\t<section class=\"elementor-section elementor-top-section elementor-element elementor-element-7e8df4c elementor-section-boxed elementor-section-height-default elementor-section-height-default\" data-id=\"7e8df4c\" data-element_type=\"section\">\n\t\t\t\t\t\t<div class=\"elementor-container elementor-column-gap-no\">\n\t\t\t\t\t<div class=\"elementor-column elementor-col-50 elementor-top-column elementor-element elementor-element-9021372\" data-id=\"9021372\" data-element_type=\"column\">\n\t\t\t<div class=\"elementor-widget-wrap elementor-element-populated\">\n\t\t\t\t\t\t\t\t<div class=\"elementor-element elementor-element-f29bf23 elementor-widget elementor-widget-heading\" data-id=\"f29bf23\" data-element_type=\"widget\" data-widget_type=\"heading.default\">\n\t\t\t\t<div class=\"elementor-widget-container\">\n\t\t\t<h6 class=\"elementor-heading-title elementor-size-default\">02<\/h6>\t\t<\/div>\n\t\t\t\t<\/div>\n\t\t\t\t<div class=\"elementor-element elementor-element-8ed9ffd elementor-widget elementor-widget-heading\" data-id=\"8ed9ffd\" data-element_type=\"widget\" data-widget_type=\"heading.default\">\n\t\t\t\t<div class=\"elementor-widget-container\">\n\t\t\t<h5 class=\"elementor-heading-title elementor-size-default\">People<\/h5>\t\t<\/div>\n\t\t\t\t<\/div>\n\t\t\t\t\t<\/div>\n\t\t<\/div>\n\t\t\t\t<div class=\"elementor-column elementor-col-50 elementor-top-column elementor-element elementor-element-b1f6799\" data-id=\"b1f6799\" data-element_type=\"column\">\n\t\t\t<div class=\"elementor-widget-wrap elementor-element-populated\">\n\t\t\t\t\t\t\t\t<div class=\"elementor-element elementor-element-b5a9291 elementor-widget elementor-widget-heading\" data-id=\"b5a9291\" data-element_type=\"widget\" data-widget_type=\"heading.default\">\n\t\t\t\t<div class=\"elementor-widget-container\">\n\t\t\t<h2 class=\"elementor-heading-title elementor-size-default\">Leadership Team<\/h2>\t\t<\/div>\n\t\t\t\t<\/div>\n\t\t\t\t\t<\/div>\n\t\t<\/div>\n\t\t\t\t\t\t\t<\/div>\n\t\t<\/section>\n\t\t\t\t<section class=\"elementor-section elementor-top-section elementor-element elementor-element-12bd395 elementor-section-boxed elementor-section-height-default elementor-section-height-default\" data-id=\"12bd395\" data-element_type=\"section\">\n\t\t\t\t\t\t<div class=\"elementor-container elementor-column-gap-no\">\n\t\t\t\t\t<div class=\"elementor-column elementor-col-50 elementor-top-column elementor-element elementor-element-cb3011a\" data-id=\"cb3011a\" data-element_type=\"column\">\n\t\t\t<div class=\"elementor-widget-wrap\">\n\t\t\t\t\t\t\t\t\t<\/div>\n\t\t<\/div>\n\t\t\t\t<div class=\"elementor-column elementor-col-50 elementor-top-column elementor-element elementor-element-7479ef5\" data-id=\"7479ef5\" data-element_type=\"column\">\n\t\t\t<div class=\"elementor-widget-wrap elementor-element-populated\">\n\t\t\t\t\t\t\t\t<section class=\"elementor-section elementor-inner-section elementor-element elementor-element-bb57ec0 elementor-section-boxed elementor-section-height-default elementor-section-height-default\" data-id=\"bb57ec0\" data-element_type=\"section\">\n\t\t\t\t\t\t<div class=\"elementor-container elementor-column-gap-no\">\n\t\t\t\t\t<div class=\"elementor-column elementor-col-33 elementor-inner-column elementor-element elementor-element-349bc5f\" data-id=\"349bc5f\" data-element_type=\"column\">\n\t\t\t<div class=\"elementor-widget-wrap elementor-element-populated\">\n\t\t\t\t\t\t\t\t<div class=\"elementor-element elementor-element-b0143a9 elementor-widget elementor-widget-image\" data-id=\"b0143a9\" data-element_type=\"widget\" data-widget_type=\"image.default\">\n\t\t\t\t<div class=\"elementor-widget-container\">\n\t\t\t\t\t\t\t\t\t\t\t\t\t\t\t<img decoding=\"async\" loading=\"lazy\" width=\"320\" height=\"320\" src=\"https:\/\/www.blum.rs.ba\/wp-content\/uploads\/2020\/11\/team-03-free-img.jpg\" class=\"attachment-full size-full wp-image-877\" alt=\"\" srcset=\"https:\/\/www.blum.rs.ba\/wp-content\/uploads\/2020\/11\/team-03-free-img.jpg 320w, https:\/\/www.blum.rs.ba\/wp-content\/uploads\/2020\/11\/team-03-free-img-300x300.jpg 300w, https:\/\/www.blum.rs.ba\/wp-content\/uploads\/2020\/11\/team-03-free-img-150x150.jpg 150w\" sizes=\"(max-width: 320px) 100vw, 320px\" \/>\t\t\t\t\t\t\t\t\t\t\t\t\t\t\t<\/div>\n\t\t\t\t<\/div>\n\t\t\t\t<div class=\"elementor-element elementor-element-061f3a5 elementor-widget elementor-widget-heading\" data-id=\"061f3a5\" data-element_type=\"widget\" data-widget_type=\"heading.default\">\n\t\t\t\t<div class=\"elementor-widget-container\">\n\t\t\t<h4 class=\"elementor-heading-title elementor-size-default\">Gabrielle Winn<\/h4>\t\t<\/div>\n\t\t\t\t<\/div>\n\t\t\t\t<div class=\"elementor-element elementor-element-58984c8 elementor-widget elementor-widget-heading\" data-id=\"58984c8\" data-element_type=\"widget\" data-widget_type=\"heading.default\">\n\t\t\t\t<div class=\"elementor-widget-container\">\n\t\t\t<h6 class=\"elementor-heading-title elementor-size-default\">CEO<\/h6>\t\t<\/div>\n\t\t\t\t<\/div>\n\t\t\t\t\t<\/div>\n\t\t<\/div>\n\t\t\t\t<div class=\"elementor-column elementor-col-33 elementor-inner-column elementor-element elementor-element-6092985\" data-id=\"6092985\" data-element_type=\"column\">\n\t\t\t<div class=\"elementor-widget-wrap elementor-element-populated\">\n\t\t\t\t\t\t\t\t<div class=\"elementor-element elementor-element-80db253 elementor-widget elementor-widget-image\" data-id=\"80db253\" data-element_type=\"widget\" data-widget_type=\"image.default\">\n\t\t\t\t<div class=\"elementor-widget-container\">\n\t\t\t\t\t\t\t\t\t\t\t\t\t\t\t<img decoding=\"async\" loading=\"lazy\" width=\"320\" height=\"320\" src=\"https:\/\/www.blum.rs.ba\/wp-content\/uploads\/2020\/11\/team-01-free-img.jpg\" class=\"attachment-full size-full wp-image-875\" alt=\"\" srcset=\"https:\/\/www.blum.rs.ba\/wp-content\/uploads\/2020\/11\/team-01-free-img.jpg 320w, https:\/\/www.blum.rs.ba\/wp-content\/uploads\/2020\/11\/team-01-free-img-300x300.jpg 300w, https:\/\/www.blum.rs.ba\/wp-content\/uploads\/2020\/11\/team-01-free-img-150x150.jpg 150w\" sizes=\"(max-width: 320px) 100vw, 320px\" \/>\t\t\t\t\t\t\t\t\t\t\t\t\t\t\t<\/div>\n\t\t\t\t<\/div>\n\t\t\t\t<div class=\"elementor-element elementor-element-cda4aaf elementor-widget elementor-widget-heading\" data-id=\"cda4aaf\" data-element_type=\"widget\" data-widget_type=\"heading.default\">\n\t\t\t\t<div class=\"elementor-widget-container\">\n\t\t\t<h4 class=\"elementor-heading-title elementor-size-default\">Mario Palmer<\/h4>\t\t<\/div>\n\t\t\t\t<\/div>\n\t\t\t\t<div class=\"elementor-element elementor-element-8d2c701 elementor-widget elementor-widget-heading\" data-id=\"8d2c701\" data-element_type=\"widget\" data-widget_type=\"heading.default\">\n\t\t\t\t<div class=\"elementor-widget-container\">\n\t\t\t<h6 class=\"elementor-heading-title elementor-size-default\">Managing Partner<\/h6>\t\t<\/div>\n\t\t\t\t<\/div>\n\t\t\t\t\t<\/div>\n\t\t<\/div>\n\t\t\t\t<div class=\"elementor-column elementor-col-33 elementor-inner-column elementor-element elementor-element-e19c521\" data-id=\"e19c521\" data-element_type=\"column\">\n\t\t\t<div class=\"elementor-widget-wrap elementor-element-populated\">\n\t\t\t\t\t\t\t\t<div class=\"elementor-element elementor-element-cbe5bf9 elementor-widget elementor-widget-image\" data-id=\"cbe5bf9\" data-element_type=\"widget\" data-widget_type=\"image.default\">\n\t\t\t\t<div class=\"elementor-widget-container\">\n\t\t\t\t\t\t\t\t\t\t\t\t\t\t\t<img decoding=\"async\" loading=\"lazy\" width=\"320\" height=\"320\" src=\"https:\/\/www.blum.rs.ba\/wp-content\/uploads\/2020\/11\/team-02-free-img.jpg\" class=\"attachment-full size-full wp-image-876\" alt=\"\" srcset=\"https:\/\/www.blum.rs.ba\/wp-content\/uploads\/2020\/11\/team-02-free-img.jpg 320w, https:\/\/www.blum.rs.ba\/wp-content\/uploads\/2020\/11\/team-02-free-img-300x300.jpg 300w, https:\/\/www.blum.rs.ba\/wp-content\/uploads\/2020\/11\/team-02-free-img-150x150.jpg 150w\" sizes=\"(max-width: 320px) 100vw, 320px\" \/>\t\t\t\t\t\t\t\t\t\t\t\t\t\t\t<\/div>\n\t\t\t\t<\/div>\n\t\t\t\t<div class=\"elementor-element elementor-element-fd35055 elementor-widget elementor-widget-heading\" data-id=\"fd35055\" data-element_type=\"widget\" data-widget_type=\"heading.default\">\n\t\t\t\t<div class=\"elementor-widget-container\">\n\t\t\t<h4 class=\"elementor-heading-title elementor-size-default\">Kelly Williams<\/h4>\t\t<\/div>\n\t\t\t\t<\/div>\n\t\t\t\t<div class=\"elementor-element elementor-element-8bcc8fe elementor-widget elementor-widget-heading\" data-id=\"8bcc8fe\" data-element_type=\"widget\" data-widget_type=\"heading.default\">\n\t\t\t\t<div class=\"elementor-widget-container\">\n\t\t\t<h6 class=\"elementor-heading-title elementor-size-default\">Marketing Strategist<\/h6>\t\t<\/div>\n\t\t\t\t<\/div>\n\t\t\t\t\t<\/div>\n\t\t<\/div>\n\t\t\t\t\t\t\t<\/div>\n\t\t<\/section>\n\t\t\t\t\t<\/div>\n\t\t<\/div>\n\t\t\t\t\t\t\t<\/div>\n\t\t<\/section>\n\t\t\t\t<section class=\"elementor-section elementor-top-section elementor-element elementor-element-9929c37 elementor-section-boxed elementor-section-height-default elementor-section-height-default\" data-id=\"9929c37\" data-element_type=\"section\">\n\t\t\t\t\t\t<div class=\"elementor-container elementor-column-gap-no\">\n\t\t\t\t\t<div class=\"elementor-column elementor-col-50 elementor-top-column elementor-element elementor-element-65ea946\" data-id=\"65ea946\" data-element_type=\"column\">\n\t\t\t<div class=\"elementor-widget-wrap elementor-element-populated\">\n\t\t\t\t\t\t\t\t<div class=\"elementor-element elementor-element-7dd393e elementor-widget elementor-widget-heading\" data-id=\"7dd393e\" data-element_type=\"widget\" data-widget_type=\"heading.default\">\n\t\t\t\t<div class=\"elementor-widget-container\">\n\t\t\t<h6 class=\"elementor-heading-title elementor-size-default\">03<\/h6>\t\t<\/div>\n\t\t\t\t<\/div>\n\t\t\t\t<div class=\"elementor-element elementor-element-d1c2623 elementor-widget elementor-widget-heading\" data-id=\"d1c2623\" data-element_type=\"widget\" data-widget_type=\"heading.default\">\n\t\t\t\t<div class=\"elementor-widget-container\">\n\t\t\t<h5 class=\"elementor-heading-title elementor-size-default\">Clients<\/h5>\t\t<\/div>\n\t\t\t\t<\/div>\n\t\t\t\t\t<\/div>\n\t\t<\/div>\n\t\t\t\t<div class=\"elementor-column elementor-col-50 elementor-top-column elementor-element elementor-element-40ade17\" data-id=\"40ade17\" data-element_type=\"column\">\n\t\t\t<div class=\"elementor-widget-wrap elementor-element-populated\">\n\t\t\t\t\t\t\t\t<section class=\"elementor-section elementor-inner-section elementor-element elementor-element-b273052 elementor-section-boxed elementor-section-height-default elementor-section-height-default\" data-id=\"b273052\" data-element_type=\"section\">\n\t\t\t\t\t\t<div class=\"elementor-container elementor-column-gap-no\">\n\t\t\t\t\t<div class=\"elementor-column elementor-col-33 elementor-inner-column elementor-element elementor-element-ce8e127\" data-id=\"ce8e127\" data-element_type=\"column\" data-settings=\"{&quot;background_background&quot;:&quot;classic&quot;}\">\n\t\t\t<div class=\"elementor-widget-wrap elementor-element-populated\">\n\t\t\t\t\t<div class=\"elementor-background-overlay\"><\/div>\n\t\t\t\t\t\t\t\t<div class=\"elementor-element elementor-element-5b85404 elementor-widget elementor-widget-image\" data-id=\"5b85404\" data-element_type=\"widget\" data-widget_type=\"image.default\">\n\t\t\t\t<div class=\"elementor-widget-container\">\n\t\t\t\t\t\t\t\t\t\t\t\t\t\t\t\t<a href=\"#\">\n\t\t\t\t\t\t\t<img decoding=\"async\" loading=\"lazy\" width=\"320\" height=\"320\" src=\"https:\/\/www.blum.rs.ba\/wp-content\/uploads\/2020\/11\/logo-006-free-img.png\" class=\"attachment-full size-full wp-image-868\" alt=\"\" srcset=\"https:\/\/www.blum.rs.ba\/wp-content\/uploads\/2020\/11\/logo-006-free-img.png 320w, https:\/\/www.blum.rs.ba\/wp-content\/uploads\/2020\/11\/logo-006-free-img-300x300.png 300w, https:\/\/www.blum.rs.ba\/wp-content\/uploads\/2020\/11\/logo-006-free-img-150x150.png 150w\" sizes=\"(max-width: 320px) 100vw, 320px\" \/>\t\t\t\t\t\t\t\t<\/a>\n\t\t\t\t\t\t\t\t\t\t\t\t\t\t\t<\/div>\n\t\t\t\t<\/div>\n\t\t\t\t\t<\/div>\n\t\t<\/div>\n\t\t\t\t<div class=\"elementor-column elementor-col-33 elementor-inner-column elementor-element elementor-element-7887bfd\" data-id=\"7887bfd\" data-element_type=\"column\" data-settings=\"{&quot;background_background&quot;:&quot;classic&quot;}\">\n\t\t\t<div class=\"elementor-widget-wrap elementor-element-populated\">\n\t\t\t\t\t<div class=\"elementor-background-overlay\"><\/div>\n\t\t\t\t\t\t\t\t<div class=\"elementor-element elementor-element-9997d57 elementor-widget elementor-widget-image\" data-id=\"9997d57\" data-element_type=\"widget\" data-widget_type=\"image.default\">\n\t\t\t\t<div class=\"elementor-widget-container\">\n\t\t\t\t\t\t\t\t\t\t\t\t\t\t\t\t<a href=\"#\">\n\t\t\t\t\t\t\t<img decoding=\"async\" loading=\"lazy\" width=\"319\" height=\"320\" src=\"https:\/\/www.blum.rs.ba\/wp-content\/uploads\/2020\/11\/logo-005-free-img.png\" class=\"attachment-full size-full wp-image-867\" alt=\"\" srcset=\"https:\/\/www.blum.rs.ba\/wp-content\/uploads\/2020\/11\/logo-005-free-img.png 319w, https:\/\/www.blum.rs.ba\/wp-content\/uploads\/2020\/11\/logo-005-free-img-300x300.png 300w, https:\/\/www.blum.rs.ba\/wp-content\/uploads\/2020\/11\/logo-005-free-img-150x150.png 150w\" sizes=\"(max-width: 319px) 100vw, 319px\" \/>\t\t\t\t\t\t\t\t<\/a>\n\t\t\t\t\t\t\t\t\t\t\t\t\t\t\t<\/div>\n\t\t\t\t<\/div>\n\t\t\t\t\t<\/div>\n\t\t<\/div>\n\t\t\t\t<div class=\"elementor-column elementor-col-33 elementor-inner-column elementor-element elementor-element-bdcebcb\" data-id=\"bdcebcb\" data-element_type=\"column\" data-settings=\"{&quot;background_background&quot;:&quot;classic&quot;}\">\n\t\t\t<div class=\"elementor-widget-wrap elementor-element-populated\">\n\t\t\t\t\t<div class=\"elementor-background-overlay\"><\/div>\n\t\t\t\t\t\t\t\t<div class=\"elementor-element elementor-element-0079824 elementor-widget elementor-widget-image\" data-id=\"0079824\" data-element_type=\"widget\" data-widget_type=\"image.default\">\n\t\t\t\t<div class=\"elementor-widget-container\">\n\t\t\t\t\t\t\t\t\t\t\t\t\t\t\t\t<a href=\"#\">\n\t\t\t\t\t\t\t<img decoding=\"async\" loading=\"lazy\" width=\"320\" height=\"320\" src=\"https:\/\/www.blum.rs.ba\/wp-content\/uploads\/2020\/11\/logo-001-free-img.png\" class=\"attachment-full size-full wp-image-863\" alt=\"\" srcset=\"https:\/\/www.blum.rs.ba\/wp-content\/uploads\/2020\/11\/logo-001-free-img.png 320w, https:\/\/www.blum.rs.ba\/wp-content\/uploads\/2020\/11\/logo-001-free-img-300x300.png 300w, https:\/\/www.blum.rs.ba\/wp-content\/uploads\/2020\/11\/logo-001-free-img-150x150.png 150w\" sizes=\"(max-width: 320px) 100vw, 320px\" \/>\t\t\t\t\t\t\t\t<\/a>\n\t\t\t\t\t\t\t\t\t\t\t\t\t\t\t<\/div>\n\t\t\t\t<\/div>\n\t\t\t\t\t<\/div>\n\t\t<\/div>\n\t\t\t\t\t\t\t<\/div>\n\t\t<\/section>\n\t\t\t\t\t<\/div>\n\t\t<\/div>\n\t\t\t\t\t\t\t<\/div>\n\t\t<\/section>\n\t\t\t\t\t\t\t<\/div>\n\t\t","protected":false},"excerpt":{"rendered":"<p>\u00dcber Blum Wer sind wir Blum d.o.o. ist ein 2020. gegr\u00fcndetes Unternehmen mit Sitz in Banja Luka. Die Hauptt\u00e4tigkeit des Unternehmens ist die Planung, Ausf\u00fchrung und \u00dcberwachung der Ausf\u00fchrung von Elektroarbeiten aller Art. BLUM verf\u00fcgt \u00fcber erfahrene, junge und flei\u00dfige Fachleute in seiner Struktur, die die gr\u00f6\u00dfte St\u00e4rke und treibende Kraft des Unternehmens sind und &hellip;<\/p>\n<p class=\"read-more\"> <a class=\"\" href=\"https:\/\/www.blum.rs.ba\/de\/ueber-blum\/\"> <span class=\"screen-reader-text\">\u00dcber Blum<\/span> Weiterlesen &raquo;<\/a><\/p>\n","protected":false},"author":1,"featured_media":0,"parent":0,"menu_order":0,"comment_status":"closed","ping_status":"closed","template":"","meta":{"site-sidebar-layout":"no-sidebar","site-content-layout":"page-builder","ast-site-content-layout":"","site-content-style":"default","site-sidebar-style":"default","ast-global-header-display":"","ast-banner-title-visibility":"","ast-main-header-display":"","ast-hfb-above-header-display":"","ast-hfb-below-header-display":"","ast-hfb-mobile-header-display":"","site-post-title":"disabled","ast-breadcrumbs-content":"disabled","ast-featured-img":"disabled","footer-sml-layout":"","theme-transparent-header-meta":"enabled","adv-header-id-meta":"","stick-header-meta":"","header-above-stick-meta":"","header-main-stick-meta":"","header-below-stick-meta":"","astra-migrate-meta-layouts":"","ast-page-background-enabled":"default","ast-page-background-meta":{"desktop":{"background-color":"","background-image":"","background-repeat":"repeat","background-position":"center center","background-size":"auto","background-attachment":"scroll","background-type":"","background-media":"","overlay-type":"","overlay-color":"","overlay-gradient":""},"tablet":{"background-color":"","background-image":"","background-repeat":"repeat","background-position":"center center","background-size":"auto","background-attachment":"scroll","background-type":"","background-media":"","overlay-type":"","overlay-color":"","overlay-gradient":""},"mobile":{"background-color":"","background-image":"","background-repeat":"repeat","background-position":"center center","background-size":"auto","background-attachment":"scroll","background-type":"","background-media":"","overlay-type":"","overlay-color":"","overlay-gradient":""}},"ast-content-background-meta":{"desktop":{"background-color":"var(--ast-global-color-5)","background-image":"","background-repeat":"repeat","background-position":"center center","background-size":"auto","background-attachment":"scroll","background-type":"","background-media":"","overlay-type":"","overlay-color":"","overlay-gradient":""},"tablet":{"background-color":"var(--ast-global-color-5)","background-image":"","background-repeat":"repeat","background-position":"center center","background-size":"auto","background-attachment":"scroll","background-type":"","background-media":"","overlay-type":"","overlay-color":"","overlay-gradient":""},"mobile":{"background-color":"var(--ast-global-color-5)","background-image":"","background-repeat":"repeat","background-position":"center center","background-size":"auto","background-attachment":"scroll","background-type":"","background-media":"","overlay-type":"","overlay-color":"","overlay-gradient":""}},"footnotes":""},"_links":{"self":[{"href":"https:\/\/www.blum.rs.ba\/de\/wp-json\/wp\/v2\/pages\/897"}],"collection":[{"href":"https:\/\/www.blum.rs.ba\/de\/wp-json\/wp\/v2\/pages"}],"about":[{"href":"https:\/\/www.blum.rs.ba\/de\/wp-json\/wp\/v2\/types\/page"}],"author":[{"embeddable":true,"href":"https:\/\/www.blum.rs.ba\/de\/wp-json\/wp\/v2\/users\/1"}],"replies":[{"embeddable":true,"href":"https:\/\/www.blum.rs.ba\/de\/wp-json\/wp\/v2\/comments?post=897"}],"version-history":[{"count":1,"href":"https:\/\/www.blum.rs.ba\/de\/wp-json\/wp\/v2\/pages\/897\/revisions"}],"predecessor-version":[{"id":898,"href":"https:\/\/www.blum.rs.ba\/de\/wp-json\/wp\/v2\/pages\/897\/revisions\/898"}],"wp:attachment":[{"href":"https:\/\/www.blum.rs.ba\/de\/wp-json\/wp\/v2\/media?parent=897"}],"curies":[{"name":"wp","href":"https:\/\/api.w.org\/{rel}","templated":true}]}}