{"id":904,"date":"2022-07-20T13:52:30","date_gmt":"2022-07-20T11:52:30","guid":{"rendered":"http:\/\/www.blum.rs.ba\/solarkraftwerke\/"},"modified":"2023-10-27T14:23:45","modified_gmt":"2023-10-27T12:23:45","slug":"solarkraftwerke","status":"publish","type":"page","link":"http:\/\/www.blum.rs.ba\/de\/solarkraftwerke\/","title":{"rendered":"Solarkraftwerke"},"content":{"rendered":"\t\t<div data-elementor-type=\"wp-page\" data-elementor-id=\"904\" class=\"elementor elementor-904 elementor-730\">\n\t\t\t\t\t\t\t\t\t<section class=\"elementor-section elementor-top-section elementor-element elementor-element-19e01962 elementor-section-boxed elementor-section-height-default elementor-section-height-default\" data-id=\"19e01962\" data-element_type=\"section\" data-settings=\"{&quot;background_background&quot;:&quot;classic&quot;}\">\n\t\t\t\t\t\t<div class=\"elementor-container elementor-column-gap-default\">\n\t\t\t\t\t<div class=\"elementor-column elementor-col-100 elementor-top-column elementor-element elementor-element-16e4c990\" data-id=\"16e4c990\" data-element_type=\"column\">\n\t\t\t<div class=\"elementor-widget-wrap elementor-element-populated\">\n\t\t\t\t\t\t\t\t<div class=\"elementor-element elementor-element-18a8e12 elementor-widget elementor-widget-heading\" data-id=\"18a8e12\" data-element_type=\"widget\" data-widget_type=\"heading.default\">\n\t\t\t\t<div class=\"elementor-widget-container\">\n\t\t\t<h3 class=\"elementor-heading-title elementor-size-default\">Solarkraftwerke<\/h3>\t\t<\/div>\n\t\t\t\t<\/div>\n\t\t\t\t<div class=\"elementor-element elementor-element-4b90580c elementor-widget elementor-widget-text-editor\" data-id=\"4b90580c\" data-element_type=\"widget\" data-widget_type=\"text-editor.default\">\n\t\t\t\t<div class=\"elementor-widget-container\">\n\t\t\t\t\t\t\t<p>Heutzutage haben erneuerbare Energiequellen eine wachsende Bedeutung im Energiesektor. Die Republika Srpska hat im Februar 2022 ein neues Gesetz \u00fcber erneuerbare Energien verabschiedet, um den Anteil der aus erneuerbaren Quellen erzeugten Energie am Bruttoendenergieverbrauch in der Republik zu erh\u00f6hen und die Erzeugung von Strom aus erneuerbaren Energien zu f\u00f6rdern. Da die Hauptenergiequelle der Erde die Sonne ist, liegt das gr\u00f6\u00dfte Potenzial f\u00fcr die Stromerzeugung in Photovoltaik-Kraftwerken.<\/p>\n<p>Die Vorteile von Photovoltaikanlagen sind folgende:<\/p>\n<ul>\n<li>Gr\u00fcne Energie &#8211; Photovoltaikanlagen sto\u00dfen keine sch\u00e4dlichen Gase aus, so dass sie keine sch\u00e4dlichen Auswirkungen auf die Umwelt haben. Dar\u00fcber hinaus zeichnen sie sich durch einen ger\u00e4uscharmen Betrieb aus.<\/li>\n<li>Zuverl\u00e4ssigkeit &#8211; Photovoltaik-Module sind als Ger\u00e4te ohne bewegliche Teile f\u00fcr eine Lebensdauer von 30 Jahren oder mehr ausgelegt, wobei die Wahrscheinlichkeit eines m\u00f6glichen Ausfalls w\u00e4hrend des Betriebs gering ist.<img decoding=\"async\" loading=\"lazy\" id=\"standardimage\" class=\" wp-image-780 alignright\" src=\"http:\/\/www.blum.rs.ba\/wp-content\/uploads\/solarna-elektrana.jpg\" alt=\"solarkraftwerke\" width=\"420\" height=\"269\"><\/li>\n<li>Geringer Wartungsaufwand &#8211; Photovoltaikanlagen arbeiten mit minimalem Wartungsaufwand und ohne Brennstoffzufuhr.<\/li>\n<li>Kostenloser Brennstoff &#8211; Sonnenlicht ist kostenlose, leicht verf\u00fcgbare und praktisch unersch\u00f6pfliche Energie.<\/li>\n<li>Flexible Systemgr\u00f6\u00dfe &#8211; modulare Konstruktion und Design erm\u00f6glichen eine einfache Systemerweiterung je nach finanziellen M\u00f6glichkeiten und Energiebedarf.<\/li>\n<li>Einfacher Transport &#8211; die modulare Bauweise erm\u00f6glicht den Transport von Photovoltaikanlagen in Teilen, was sehr n\u00fctzlich sein kann, wenn Photovoltaikkraftwerke an schwer zug\u00e4nglichen Orten errichtet werden.<\/li>\n<li>Schnelligkeit beim Bau &#8211; gro\u00dfe PV-Anlagen k\u00f6nnen in nur wenigen Monaten errichtet werden<\/li>\n<\/ul>\n<p>Aufgrund seiner geografischen Lage und der g\u00fcnstigen klimatischen und \u00f6kologischen Bedingungen verf\u00fcgt Bosnien und Herzegowina \u00fcber ein relativ hohes Potenzial f\u00fcr die Erzeugung von Strom aus Photovoltaik- und Solarkraftwerken. Die j\u00e4hrlichen Strahlungswerte reichen von 1300 kWh\/m2 im Norden des Landes bis zu 1800 kWh\/m2 im S\u00fcden. Die Dauer der Sonneneinstrahlung, d.h. die durchschnittliche Anzahl der Sonnenstunden, nimmt von der K\u00fcste zum Landesinneren hin ab und betr\u00e4gt im zentralen Berggebiet 1700 bis 1900 Stunden pro Jahr. In den s\u00fcdlichen Regionen liegt die Zahl der Sonnenstunden zwischen 1900 und 2300 (Mostar &#8211; 2285 Stunden), im n\u00f6rdlichen BiH zwischen 1800 und 2000. Dies sind Werte, die zuverl\u00e4ssig eine massive und wirtschaftliche Nutzung der Sonnenenergie gew\u00e4hrleisten.<\/p>\n<p>Jedes Photovoltaik-Kraftwerk besteht aus den folgenden Teilen:<img decoding=\"async\" loading=\"lazy\" id=\"standardimage\" class=\" wp-image-780 alignright\" src=\"http:\/\/www.blum.rs.ba\/wp-content\/uploads\/solarni-paneli.jpg\" alt=\"solarplatten\" width=\"420\" height=\"269\" srcset=\"http:\/\/www.blum.rs.ba\/wp-content\/uploads\/solarni-paneli.jpg 600w, http:\/\/www.blum.rs.ba\/wp-content\/uploads\/solarni-paneli-300x192.jpg 300w\" sizes=\"(max-width: 420px) 100vw, 420px\" \/><\/p>\n<ul>\n<li>Fotovoltaikmodule, die durch Dr\u00e4hte verbunden sind,<\/li>\n<li>vorgefertigte Konstruktion,<\/li>\n<li>Solarkabel,<\/li>\n<li>DC\/AC-Wechselrichter,<\/li>\n<li>Stromkabel und AC-Verteilerschrank mit Schutzelementen,<\/li>\n<li>Stromz\u00e4hler,<\/li>\n<li>Installation von Blitzschutz und Erdung.<\/li>\n<\/ul>\n<p>Fotovoltaikanlagen k\u00f6nnen auf Geb\u00e4uded\u00e4chern und auf dem Boden auf einer geeigneten Al-Unterkonstruktion errichtet werden. Die ideale Ausrichtung des Panels ist die S\u00fcdseite.<br \/>F\u00fcr jedes Objekt wird separat eine Wirtschaftlichkeitsbetrachtung nach der M\u00f6glichkeit der installierten Leistung in Abh\u00e4ngigkeit von der verf\u00fcgbaren Fl\u00e4che und der Standortausrichtung durchgef\u00fchrt.<br \/>F\u00fcr eine installierte Leistung von 1 kV werden ca. 5 m2 Fl\u00e4che ben\u00f6tigt, auf der das Kraftwerk montiert wird.<\/p>\n<p><u>Kraftwerke k\u00f6nnen nach zwei Prinzipien gebaut werden:<\/u><\/p>\n<ol>\n<li style=\"list-style-type: none;\">\n<ol>\n<li>F\u00fcr den Verkauf von Strom auf dem Markt<\/li>\n<li>F\u00fcr den Eigenbedarf des K\u00c4UFERS &#8211; des HERSTELLERS, nach folgenden Schemata:\n<ul>\n<li>Net-Metering-System: bis zu 10,8 kW,<\/li>\n<li>Nettoabrechnungsmodell: von 10,8 kW &#8211; 50 kW (einschlie\u00dflich 50 kW)<\/li>\n<li>Standard-Stromversorgungssystem: \u00fcber 50 kW<\/li>\n<\/ul>\n<\/li>\n<\/ol>\n<\/li>\n<\/ol>\n<p>Die Kosten f\u00fcr den Bau eines Kraftwerks richten sich nach der Anlage, der Bauweise, der Art der Schalttafelmontage, der Anordnung der Schalttafeln, der Position des Schaltschranks, der Anschluss-TS usw. und liegen zwischen 750 und 850 Euro\/kW f\u00fcr eine schl\u00fcsselfertige Anlage mit garantierter Stromabnahme, wenn das Kraftwerk zum Zweck des Stromverkaufs auf dem Markt gebaut wird. Garantierte Abnahme von Strom durch den Stromverk\u00e4ufer. von Energie, ohne Netzausgleichskosten, die vom Kunden \u00fcbernommen werden. F\u00fcr Kraftwerke mit h\u00f6herer Leistung ist die Option des Stromverkaufs an der B\u00f6rse m\u00f6glich. &#8222;HUPKS&#8220;-Energie, entsprechend den vertraglich vereinbarten Sonderkonditionen.<\/p>\n<p>Die Amortisationszeit f\u00fcr den Bau des Kraftwerks betr\u00e4gt 5-8 Jahre.<\/p>\n<p>Der Bau von Energieanlagen erfolgt auf der Grundlage einer Baugenehmigung, die gem\u00e4\u00df den Vorschriften im Bereich des Bauwesens und des Umweltschutzes erteilt wird, es sei denn, ein Kraftwerk, das von einem Kunden und Erzeuger aus erneuerbaren Energiequellen betrieben wird, wird auf einem Geb\u00e4ude errichtet, f\u00fcr das eine Baugenehmigung vorliegt, und zwar im Rahmen der Anpassung eines Kraftwerksgeb\u00e4udes auf 50 kW. F\u00fcr Kraftwerke, die eine Baugenehmigung ben\u00f6tigen, wird zun\u00e4chst ein Konzeptentwurf erstellt. Auf der Grundlage des konzeptionellen Projekts und der erforderlichen st\u00e4dtebaulichen Genehmigungen und UTU werden die Standortbedingungen ermittelt. Auf der Grundlage der Standortbedingungen wird das Hauptprojekt ausgearbeitet und eine Baugenehmigung eingeholt.<br \/>Das &#8222;schl\u00fcsselfertige&#8220; Angebot umfasst die Ausarbeitung der erforderlichen Projektunterlagen (Ideal- und Hauptprojekt), die Begleitung bei der Einholung aller erforderlichen Genehmigungen und Zulassungen.<\/p>\n<p>Viele Banken haben Kreditprogramme f\u00fcr OIEE-Projekte mit g\u00fcnstigen Konditionen und Zinss\u00e4tzen (ProCredit, NLB, &#8230;). F\u00fcr Verhandlungen mit Banken kann ein Vorvertrag mit dem Stromh\u00e4ndler\/-abnehmer abgeschlossen werden.<br \/>Der Vorvertrag wird nach Erhalt der Standortbedingungen unterzeichnet.<\/p>\n<p>AUSR\u00dcSTUNG, DIE WIR ANBIETEN:<\/p>\n<p>Paneele: RISEN, Canadian Solar, LONGI&#8230;<br \/>Wechselrichter: SMA, HUAWEI, SOFAR&#8230;<br \/>Schutzausr\u00fcstung und Montage: Schneider, Schrack, Hager, Legrand<\/p>\n\t\t\t\t\t\t<\/div>\n\t\t\t\t<\/div>\n\t\t\t\t\t<\/div>\n\t\t<\/div>\n\t\t\t\t\t\t\t<\/div>\n\t\t<\/section>\n\t\t\t\t\t\t\t<\/div>\n\t\t","protected":false},"excerpt":{"rendered":"<p>Solarkraftwerke Heutzutage haben erneuerbare Energiequellen eine wachsende Bedeutung im Energiesektor. Die Republika Srpska hat im Februar 2022 ein neues Gesetz \u00fcber erneuerbare Energien verabschiedet, um den Anteil der aus erneuerbaren Quellen erzeugten Energie am Bruttoendenergieverbrauch in der Republik zu erh\u00f6hen und die Erzeugung von Strom aus erneuerbaren Energien zu f\u00f6rdern. Da die Hauptenergiequelle der Erde &hellip;<\/p>\n<p class=\"read-more\"> <a class=\"\" href=\"http:\/\/www.blum.rs.ba\/de\/solarkraftwerke\/\"> <span class=\"screen-reader-text\">Solarkraftwerke<\/span> Weiterlesen &raquo;<\/a><\/p>\n","protected":false},"author":1,"featured_media":0,"parent":0,"menu_order":0,"comment_status":"closed","ping_status":"closed","template":"elementor_header_footer","meta":{"site-sidebar-layout":"no-sidebar","site-content-layout":"content-boxed-container","ast-site-content-layout":"","site-content-style":"default","site-sidebar-style":"default","ast-global-header-display":"","ast-banner-title-visibility":"","ast-main-header-display":"","ast-hfb-above-header-display":"","ast-hfb-below-header-display":"","ast-hfb-mobile-header-display":"","site-post-title":"disabled","ast-breadcrumbs-content":"disabled","ast-featured-img":"disabled","footer-sml-layout":"","theme-transparent-header-meta":"enabled","adv-header-id-meta":"","stick-header-meta":"","header-above-stick-meta":"","header-main-stick-meta":"","header-below-stick-meta":"","astra-migrate-meta-layouts":"","ast-page-background-enabled":"default","ast-page-background-meta":{"desktop":{"background-color":"","background-image":"","background-repeat":"repeat","background-position":"center center","background-size":"auto","background-attachment":"scroll","background-type":"","background-media":"","overlay-type":"","overlay-color":"","overlay-gradient":""},"tablet":{"background-color":"","background-image":"","background-repeat":"repeat","background-position":"center center","background-size":"auto","background-attachment":"scroll","background-type":"","background-media":"","overlay-type":"","overlay-color":"","overlay-gradient":""},"mobile":{"background-color":"","background-image":"","background-repeat":"repeat","background-position":"center center","background-size":"auto","background-attachment":"scroll","background-type":"","background-media":"","overlay-type":"","overlay-color":"","overlay-gradient":""}},"ast-content-background-meta":{"desktop":{"background-color":"var(--ast-global-color-5)","background-image":"","background-repeat":"repeat","background-position":"center center","background-size":"auto","background-attachment":"scroll","background-type":"","background-media":"","overlay-type":"","overlay-color":"","overlay-gradient":""},"tablet":{"background-color":"var(--ast-global-color-5)","background-image":"","background-repeat":"repeat","background-position":"center center","background-size":"auto","background-attachment":"scroll","background-type":"","background-media":"","overlay-type":"","overlay-color":"","overlay-gradient":""},"mobile":{"background-color":"var(--ast-global-color-5)","background-image":"","background-repeat":"repeat","background-position":"center center","background-size":"auto","background-attachment":"scroll","background-type":"","background-media":"","overlay-type":"","overlay-color":"","overlay-gradient":""}},"footnotes":""},"_links":{"self":[{"href":"http:\/\/www.blum.rs.ba\/de\/wp-json\/wp\/v2\/pages\/904"}],"collection":[{"href":"http:\/\/www.blum.rs.ba\/de\/wp-json\/wp\/v2\/pages"}],"about":[{"href":"http:\/\/www.blum.rs.ba\/de\/wp-json\/wp\/v2\/types\/page"}],"author":[{"embeddable":true,"href":"http:\/\/www.blum.rs.ba\/de\/wp-json\/wp\/v2\/users\/1"}],"replies":[{"embeddable":true,"href":"http:\/\/www.blum.rs.ba\/de\/wp-json\/wp\/v2\/comments?post=904"}],"version-history":[{"count":1,"href":"http:\/\/www.blum.rs.ba\/de\/wp-json\/wp\/v2\/pages\/904\/revisions"}],"predecessor-version":[{"id":905,"href":"http:\/\/www.blum.rs.ba\/de\/wp-json\/wp\/v2\/pages\/904\/revisions\/905"}],"wp:attachment":[{"href":"http:\/\/www.blum.rs.ba\/de\/wp-json\/wp\/v2\/media?parent=904"}],"curies":[{"name":"wp","href":"https:\/\/api.w.org\/{rel}","templated":true}]}}